{"id":1025,"date":"2024-02-13T07:56:56","date_gmt":"2024-02-13T07:56:56","guid":{"rendered":"https:\/\/vitasana.qodeinteractive.com\/?page_id=1025"},"modified":"2025-01-17T15:14:40","modified_gmt":"2025-01-17T15:14:40","slug":"acerca-de-nosotros","status":"publish","type":"page","link":"https:\/\/foralsa.com\/?page_id=1025","title":{"rendered":"Acerca de Nosotros"},"content":{"rendered":"\t\t<div data-elementor-type=\"wp-page\" data-elementor-id=\"1025\" class=\"elementor elementor-1025\">\n\t\t\t\t<div class=\"elementor-element elementor-element-e27bd62 e-flex e-con-boxed e-con e-parent\" data-id=\"e27bd62\" data-element_type=\"container\">\n\t\t\t\t\t<div class=\"e-con-inner\">\n\t\t<div class=\"elementor-element elementor-element-3b06aa3 e-con-full e-flex e-con e-child\" data-id=\"3b06aa3\" data-element_type=\"container\">\n\t\t\t\t<div class=\"elementor-element elementor-element-c4a66b7 elementor-widget elementor-widget-heading\" data-id=\"c4a66b7\" data-element_type=\"widget\" data-widget_type=\"heading.default\">\n\t\t\t\t<div class=\"elementor-widget-container\">\n\t\t\t<h2 class=\"elementor-heading-title elementor-size-default\">Nosotros<\/h2>\t\t<\/div>\n\t\t\t\t<\/div>\n\t\t\t\t<div class=\"elementor-element elementor-element-71e4411 elementor-widget elementor-widget-text-editor\" data-id=\"71e4411\" data-element_type=\"widget\" data-widget_type=\"text-editor.default\">\n\t\t\t\t<div class=\"elementor-widget-container\">\n\t\t\t\t\t\t\t<p style=\"text-align: center;\"><span style=\"color: #333333;\">Formulas Alternativas, S.A (Foralsa) es una empresa guatemalteca con m\u00e1s de 20 a\u00f1os de experiencia en el mercado, dedicada al servicio de la salud con el desarrollo y comercializaci\u00f3n de medicamentos naturales y Farmac\u00e9uticos en c\u00e1psulas de gelatina blanda. <\/span><span style=\"color: #333333;\">Todos nuestros productos est\u00e1n debidamente registrados en los Ministerios de Salud de los pa\u00edses en donde comercializamos.<\/span><\/p>\t\t\t\t\t\t<\/div>\n\t\t\t\t<\/div>\n\t\t\t\t<\/div>\n\t\t\t\t\t<\/div>\n\t\t\t\t<\/div>\n\t\t<div class=\"elementor-element elementor-element-77ce2d8 e-flex e-con-boxed e-con e-parent\" data-id=\"77ce2d8\" data-element_type=\"container\">\n\t\t\t\t\t<div class=\"e-con-inner\">\n\t\t<div class=\"elementor-element elementor-element-ae0b58f e-con-full e-flex e-con e-child\" data-id=\"ae0b58f\" data-element_type=\"container\">\n\t\t<div class=\"elementor-element elementor-element-5a5decb e-con-full e-flex e-con e-child\" data-id=\"5a5decb\" data-element_type=\"container\">\n\t\t\t\t<div class=\"elementor-element elementor-element-54a898e elementor-widget elementor-widget-vitasana_core_icon_with_text\" data-id=\"54a898e\" data-element_type=\"widget\" data-widget_type=\"vitasana_core_icon_with_text.default\">\n\t\t\t\t<div class=\"elementor-widget-container\">\n\t\t\t<div class=\"qodef-shortcode qodef-m  qodef-icon-with-text qodef-layout--before-content qodef--svg-icon     qodef--has-appear \" data-appear-delay=\"372\">\n\t<div class=\"qodef-m-inner\">\n\t\t<div class=\"qodef-m-icon-wrapper\" >\n\t\t\t    <span class=\"qodef-icon-holder\">\r\n\t\t<span class=\"qodef-m-svg\" >\r\n\t\t\t<svg id=\"Layer_2\" data-name=\"Layer 2\" xmlns=\"http:\/\/www.w3.org\/2000\/svg\" viewBox=\"0 0 345.38 346.15\" width=\"30px\">\n  <path d=\"M166,267.96c-.52-1.62-13.13-3.09-15.75-3.75-31.4-7.88-57.28-32-66.76-62.99-2.09-6.85-2.85-14.08-4.99-20.7-1.13-.59-2.35-.62-3.59-.72-21.78-1.84-47.77,2.52-69.05.05-7.6-.88-7.81-11.88-.56-13.34,7.87-1.59,19.42.93,27.61-.14,1.03-.13,1.97-.18,2.67-1.08,1.32-1.73,1.81-13.11,2.39-16.36,8.17-45.19,36.78-84.25,78.77-103.48,4.59-2.1,20.46-8.67,24.54-7.82,5.59,1.15,7.06,8.3,2.93,12.04-47.37,13.13-84.43,50.95-92.74,100.01-.44,2.61-2.06,13.64-1.35,15.14.16.35,1.38,1.52,1.5,1.52h25.5c.44,0,1.93-1.01,2.13-1.67,3.74-38.2,30.92-71.71,67.99-81.96,6.21-1.72,12.51-2.05,18.4-4.1l.33-71.67c1.1-9.26,12.43-9.26,13.54,0-1.79,25.09,2.32,53.34.01,78.05-1.01,10.78-10.66,7.46-19.06,8.69-62.45,9.12-89.62,86.49-47.35,133.42,45.08,50.06,128.8,23.69,138.93-41.84.66-4.24.31-10.26,1.12-13.88s4.41-4.76,7.69-5.06c24.5-2.27,52.44,1.79,77.31,0,7.47-.69,10.06,11.11,3.38,13.2s-25.17-1.61-30.04.71c-2.81,1.34-2.54,10.07-3.12,13.38-7.68,43.33-31.65,79.88-70.62,101.13-6.02,3.28-30.72,14.45-36.34,12.9-5.25-1.45-6.66-8.67-2.44-11.93,2.77-2.14,14.99-4.94,19.52-6.73,37.99-15.04,67.71-50.93,75.41-91.09.52-2.72,3.68-18.03-.03-18.03h-26.25c-2.86,4.23-2.58,10.46-3.88,15.62-8.13,32.3-33.26,59.06-65.5,68-2.95.82-17.73,3.09-18.4,4.1l-.33,71.67c-1.06,8.91-11.78,9.08-13.34,1.31s.88-18.36-.14-26.11c-.14-1.06-.16-1.93-1.09-2.66-1.42-1.12-15.17-2.46-18.58-3.17-42.51-8.75-79.42-37.78-97.49-77.26-2.77-6.05-10.04-24.09-8.71-29.98,1.13-5,7.96-6.16,11.11-2.43,2.21,2.62,5.83,17.99,7.87,22.88,16.3,39.16,55.1,69.84,97.6,74.9,1.61.19,9.27,1.45,9.27-1.02v-27.75Z\" fill=\"#fff\"\/>\n  <path d=\"M319.52,73.87c-.41.51-1.7.91-2.42,1.68-15.06,15.9-31.2,30.85-46.58,46.44-11.72,2.47-24.75-.82-36.48,1.77l-57.58,57.17c-6.25,4.23-13.79-3.72-8.97-9.72l56.61-57.39c1.83-12.21-1.96-25.84,2.29-37.46l47.65-47.6c3.06-3.33,9.86-1.69,11.04,2.35,1.69,5.8-.68,19.77.14,26.86.17,1.43.38,2.71,1.54,3.71,3.6,3.1,23.89-.37,30.01,1.49,4.37,1.33,5.43,7.36,2.74,10.7ZM270.82,55.52c-1.44-1.46-4.14-.85-5.44.57l-26.99,27.76c-.69,1.52-.76,19.56-.42,22.15.16,1.28.28,2.27,1.53,2.97l25.35.21,28.11-29.31c2.66-6.2-12.55-3.85-15.54-4.32-9.84-1.55-3.27-16.65-6.6-20.02Z\" fill=\"#fff\"\/>\n  <path d=\"M133.26,212.58c-27.71-27.72-18.15-75.64,17.98-90.62,6.27-2.6,28.07-9.43,27.56,2.74-.29,7.02-6.64,5.72-10.84,6.48-57.35,10.34-43.98,89.3,10.32,83.82,18.63-1.88,31.83-16.6,35.51-34.24.91-4.37-.16-13.01,5.24-14.26,17-3.93,6.35,26.51,2.32,33.82-17.63,31.96-62.25,38.11-88.09,12.26Z\" fill=\"#fff\"\/>\n<\/svg>\t\t<\/span>\r\n\t<\/span>\r\n    \t\t<\/div>\n\t\t<div class=\"qodef-m-content\">\n\t\t\t\t<h3 class=\"qodef-m-title\" >\n\t\t\t\t\t<span class=\"qodef-m-title-text\">Misi\u00f3n<\/span>\n\t\t\t<\/h3>\n\t\t\t\t<p class=\"qodef-m-description\" >Comercializar medicamentos en c\u00e1psulas de gelatina blanda de la m\u00e1s alta calidad, seguridad, y eficiencia, garantizando, en su producci\u00f3n, la aplicaci\u00f3n de excelentes pr\u00e1cticas de manufactura y uso de tecnolog\u00eda avanzada.<\/p>\n\t        \t\t<\/div>\n\t<\/div>\n<\/div>\n\t\t<\/div>\n\t\t\t\t<\/div>\n\t\t\t\t<\/div>\n\t\t\t\t<\/div>\n\t\t<div class=\"elementor-element elementor-element-7d21954 e-con-full e-flex e-con e-child\" data-id=\"7d21954\" data-element_type=\"container\">\n\t\t<div class=\"elementor-element elementor-element-609b8ff e-con-full e-flex e-con e-child\" data-id=\"609b8ff\" data-element_type=\"container\">\n\t\t\t\t<div class=\"elementor-element elementor-element-364ec10 elementor-widget elementor-widget-vitasana_core_icon_with_text\" data-id=\"364ec10\" data-element_type=\"widget\" data-widget_type=\"vitasana_core_icon_with_text.default\">\n\t\t\t\t<div class=\"elementor-widget-container\">\n\t\t\t<div class=\"qodef-shortcode qodef-m  qodef-icon-with-text qodef-layout--before-content qodef--svg-icon     qodef--has-appear \" data-appear-delay=\"193\">\n\t<div class=\"qodef-m-inner\">\n\t\t<div class=\"qodef-m-icon-wrapper\" >\n\t\t\t    <span class=\"qodef-icon-holder\">\r\n\t\t<span class=\"qodef-m-svg\" >\r\n\t\t\t<svg id=\"Layer_2\" data-name=\"Layer 2\" xmlns=\"http:\/\/www.w3.org\/2000\/svg\" viewBox=\"0 0 345.38 346.15\" width=\"30px\">\n  <path d=\"M166,267.96c-.52-1.62-13.13-3.09-15.75-3.75-31.4-7.88-57.28-32-66.76-62.99-2.09-6.85-2.85-14.08-4.99-20.7-1.13-.59-2.35-.62-3.59-.72-21.78-1.84-47.77,2.52-69.05.05-7.6-.88-7.81-11.88-.56-13.34,7.87-1.59,19.42.93,27.61-.14,1.03-.13,1.97-.18,2.67-1.08,1.32-1.73,1.81-13.11,2.39-16.36,8.17-45.19,36.78-84.25,78.77-103.48,4.59-2.1,20.46-8.67,24.54-7.82,5.59,1.15,7.06,8.3,2.93,12.04-47.37,13.13-84.43,50.95-92.74,100.01-.44,2.61-2.06,13.64-1.35,15.14.16.35,1.38,1.52,1.5,1.52h25.5c.44,0,1.93-1.01,2.13-1.67,3.74-38.2,30.92-71.71,67.99-81.96,6.21-1.72,12.51-2.05,18.4-4.1l.33-71.67c1.1-9.26,12.43-9.26,13.54,0-1.79,25.09,2.32,53.34.01,78.05-1.01,10.78-10.66,7.46-19.06,8.69-62.45,9.12-89.62,86.49-47.35,133.42,45.08,50.06,128.8,23.69,138.93-41.84.66-4.24.31-10.26,1.12-13.88s4.41-4.76,7.69-5.06c24.5-2.27,52.44,1.79,77.31,0,7.47-.69,10.06,11.11,3.38,13.2s-25.17-1.61-30.04.71c-2.81,1.34-2.54,10.07-3.12,13.38-7.68,43.33-31.65,79.88-70.62,101.13-6.02,3.28-30.72,14.45-36.34,12.9-5.25-1.45-6.66-8.67-2.44-11.93,2.77-2.14,14.99-4.94,19.52-6.73,37.99-15.04,67.71-50.93,75.41-91.09.52-2.72,3.68-18.03-.03-18.03h-26.25c-2.86,4.23-2.58,10.46-3.88,15.62-8.13,32.3-33.26,59.06-65.5,68-2.95.82-17.73,3.09-18.4,4.1l-.33,71.67c-1.06,8.91-11.78,9.08-13.34,1.31s.88-18.36-.14-26.11c-.14-1.06-.16-1.93-1.09-2.66-1.42-1.12-15.17-2.46-18.58-3.17-42.51-8.75-79.42-37.78-97.49-77.26-2.77-6.05-10.04-24.09-8.71-29.98,1.13-5,7.96-6.16,11.11-2.43,2.21,2.62,5.83,17.99,7.87,22.88,16.3,39.16,55.1,69.84,97.6,74.9,1.61.19,9.27,1.45,9.27-1.02v-27.75Z\" fill=\"#fff\"\/>\n  <path d=\"M319.52,73.87c-.41.51-1.7.91-2.42,1.68-15.06,15.9-31.2,30.85-46.58,46.44-11.72,2.47-24.75-.82-36.48,1.77l-57.58,57.17c-6.25,4.23-13.79-3.72-8.97-9.72l56.61-57.39c1.83-12.21-1.96-25.84,2.29-37.46l47.65-47.6c3.06-3.33,9.86-1.69,11.04,2.35,1.69,5.8-.68,19.77.14,26.86.17,1.43.38,2.71,1.54,3.71,3.6,3.1,23.89-.37,30.01,1.49,4.37,1.33,5.43,7.36,2.74,10.7ZM270.82,55.52c-1.44-1.46-4.14-.85-5.44.57l-26.99,27.76c-.69,1.52-.76,19.56-.42,22.15.16,1.28.28,2.27,1.53,2.97l25.35.21,28.11-29.31c2.66-6.2-12.55-3.85-15.54-4.32-9.84-1.55-3.27-16.65-6.6-20.02Z\" fill=\"#fff\"\/>\n  <path d=\"M133.26,212.58c-27.71-27.72-18.15-75.64,17.98-90.62,6.27-2.6,28.07-9.43,27.56,2.74-.29,7.02-6.64,5.72-10.84,6.48-57.35,10.34-43.98,89.3,10.32,83.82,18.63-1.88,31.83-16.6,35.51-34.24.91-4.37-.16-13.01,5.24-14.26,17-3.93,6.35,26.51,2.32,33.82-17.63,31.96-62.25,38.11-88.09,12.26Z\" fill=\"#fff\"\/>\n<\/svg>\t\t<\/span>\r\n\t<\/span>\r\n    \t\t<\/div>\n\t\t<div class=\"qodef-m-content\">\n\t\t\t\t<h3 class=\"qodef-m-title\" >\n\t\t\t\t\t<span class=\"qodef-m-title-text\">Visi\u00f3n<\/span>\n\t\t\t<\/h3>\n\t\t\t\t<p class=\"qodef-m-description\" >Ser un pionero y l\u00edder de la medicina en Guatemala y Centroam\u00e9rica, con la m\u00e1xima calidad, higiene, servicio y distribuci\u00f3n de productos farmac\u00e9uticos fabricados en c\u00e1psulas de gelatina blanda.<\/p>\n\t        \t\t<\/div>\n\t<\/div>\n<\/div>\n\t\t<\/div>\n\t\t\t\t<\/div>\n\t\t\t\t<\/div>\n\t\t\t\t<\/div>\n\t\t\t\t\t<\/div>\n\t\t\t\t<\/div>\n\t\t<div class=\"elementor-element elementor-element-f105769 e-flex e-con-boxed e-con e-parent\" data-id=\"f105769\" data-element_type=\"container\">\n\t\t\t\t\t<div class=\"e-con-inner\">\n\t\t<div class=\"elementor-element elementor-element-8a30719 e-con-full e-flex e-con e-child\" data-id=\"8a30719\" data-element_type=\"container\">\n\t\t<div class=\"elementor-element elementor-element-b95579f e-con-full e-flex e-con e-child\" data-id=\"b95579f\" data-element_type=\"container\">\n\t\t\t\t<div class=\"elementor-element elementor-element-308a930 elementor-widget elementor-widget-image\" data-id=\"308a930\" data-element_type=\"widget\" data-widget_type=\"image.default\">\n\t\t\t\t<div class=\"elementor-widget-container\">\n\t\t\t\t\t\t\t\t\t\t\t\t\t<img decoding=\"async\" src=\"https:\/\/foralsa.com\/wp-content\/uploads\/elementor\/thumbs\/hand-holding-vitamins-minerals-flowers-scaled-qvych2e0algnfquxynla26r3mqw3k9h0xwk20tv9yk.jpg\" title=\"hand-holding-vitamins-minerals-flowers\" alt=\"\" loading=\"lazy\" \/>\t\t\t\t\t\t\t\t\t\t\t\t\t<\/div>\n\t\t\t\t<\/div>\n\t\t\t\t<\/div>\n\t\t<div class=\"elementor-element elementor-element-c149765 e-con-full e-flex e-con e-child\" data-id=\"c149765\" data-element_type=\"container\">\n\t\t\t\t<div class=\"elementor-element elementor-element-346894e elementor-widget elementor-widget-heading\" data-id=\"346894e\" data-element_type=\"widget\" data-widget_type=\"heading.default\">\n\t\t\t\t<div class=\"elementor-widget-container\">\n\t\t\t<h2 class=\"elementor-heading-title elementor-size-default\"><span style=\"font-family: var( --e-global-typography-primary-font-family ), Sans-serif;font-weight: var( --e-global-typography-primary-font-weight );letter-spacing: -0.01em;text-align: start\">Nuestras Fortalezas<\/span><span style=\"font-family: var( --e-global-typography-primary-font-family ), Sans-serif;font-weight: var( --e-global-typography-primary-font-weight );letter-spacing: -0.01em\"><\/span><\/h2>\t\t<\/div>\n\t\t\t\t<\/div>\n\t\t\t\t<div class=\"elementor-element elementor-element-de3dc61 elementor-align-left elementor-icon-list--layout-traditional elementor-list-item-link-full_width elementor-widget elementor-widget-icon-list\" data-id=\"de3dc61\" data-element_type=\"widget\" data-widget_type=\"icon-list.default\">\n\t\t\t\t<div class=\"elementor-widget-container\">\n\t\t\t\t\t<ul class=\"elementor-icon-list-items\">\n\t\t\t\t\t\t\t<li class=\"elementor-icon-list-item\">\n\t\t\t\t\t\t\t\t\t\t\t<span class=\"elementor-icon-list-icon\">\n\t\t\t\t\t\t\t<svg aria-hidden=\"true\" class=\"e-font-icon-svg e-fas-check\" viewBox=\"0 0 512 512\" xmlns=\"http:\/\/www.w3.org\/2000\/svg\"><path d=\"M173.898 439.404l-166.4-166.4c-9.997-9.997-9.997-26.206 0-36.204l36.203-36.204c9.997-9.998 26.207-9.998 36.204 0L192 312.69 432.095 72.596c9.997-9.997 26.207-9.997 36.204 0l36.203 36.204c9.997 9.997 9.997 26.206 0 36.204l-294.4 294.401c-9.998 9.997-26.207 9.997-36.204-.001z\"><\/path><\/svg>\t\t\t\t\t\t<\/span>\n\t\t\t\t\t\t\t\t\t\t<span class=\"elementor-icon-list-text\">Productos 100% energetizados<\/span>\n\t\t\t\t\t\t\t\t\t<\/li>\n\t\t\t\t\t\t\t\t<li class=\"elementor-icon-list-item\">\n\t\t\t\t\t\t\t\t\t\t\t<span class=\"elementor-icon-list-icon\">\n\t\t\t\t\t\t\t<svg aria-hidden=\"true\" class=\"e-font-icon-svg e-fas-check\" viewBox=\"0 0 512 512\" xmlns=\"http:\/\/www.w3.org\/2000\/svg\"><path d=\"M173.898 439.404l-166.4-166.4c-9.997-9.997-9.997-26.206 0-36.204l36.203-36.204c9.997-9.998 26.207-9.998 36.204 0L192 312.69 432.095 72.596c9.997-9.997 26.207-9.997 36.204 0l36.203 36.204c9.997 9.997 9.997 26.206 0 36.204l-294.4 294.401c-9.998 9.997-26.207 9.997-36.204-.001z\"><\/path><\/svg>\t\t\t\t\t\t<\/span>\n\t\t\t\t\t\t\t\t\t\t<span class=\"elementor-icon-list-text\">Cumplimos las exigencias del mercado nacional \u00e9 internacional.<\/span>\n\t\t\t\t\t\t\t\t\t<\/li>\n\t\t\t\t\t\t\t\t<li class=\"elementor-icon-list-item\">\n\t\t\t\t\t\t\t\t\t\t\t<span class=\"elementor-icon-list-icon\">\n\t\t\t\t\t\t\t<svg aria-hidden=\"true\" class=\"e-font-icon-svg e-fas-check\" viewBox=\"0 0 512 512\" xmlns=\"http:\/\/www.w3.org\/2000\/svg\"><path d=\"M173.898 439.404l-166.4-166.4c-9.997-9.997-9.997-26.206 0-36.204l36.203-36.204c9.997-9.998 26.207-9.998 36.204 0L192 312.69 432.095 72.596c9.997-9.997 26.207-9.997 36.204 0l36.203 36.204c9.997 9.997 9.997 26.206 0 36.204l-294.4 294.401c-9.998 9.997-26.207 9.997-36.204-.001z\"><\/path><\/svg>\t\t\t\t\t\t<\/span>\n\t\t\t\t\t\t\t\t\t\t<span class=\"elementor-icon-list-text\">Hemos implementado completos est\u00e1ndares de calidad.<\/span>\n\t\t\t\t\t\t\t\t\t<\/li>\n\t\t\t\t\t\t\t\t<li class=\"elementor-icon-list-item\">\n\t\t\t\t\t\t\t\t\t\t\t<span class=\"elementor-icon-list-icon\">\n\t\t\t\t\t\t\t<svg aria-hidden=\"true\" class=\"e-font-icon-svg e-fas-check\" viewBox=\"0 0 512 512\" xmlns=\"http:\/\/www.w3.org\/2000\/svg\"><path d=\"M173.898 439.404l-166.4-166.4c-9.997-9.997-9.997-26.206 0-36.204l36.203-36.204c9.997-9.998 26.207-9.998 36.204 0L192 312.69 432.095 72.596c9.997-9.997 26.207-9.997 36.204 0l36.203 36.204c9.997 9.997 9.997 26.206 0 36.204l-294.4 294.401c-9.998 9.997-26.207 9.997-36.204-.001z\"><\/path><\/svg>\t\t\t\t\t\t<\/span>\n\t\t\t\t\t\t\t\t\t\t<span class=\"elementor-icon-list-text\">Las c\u00e1psulas son de gelatina blanda.<\/span>\n\t\t\t\t\t\t\t\t\t<\/li>\n\t\t\t\t\t\t\t\t<li class=\"elementor-icon-list-item\">\n\t\t\t\t\t\t\t\t\t\t\t<span class=\"elementor-icon-list-icon\">\n\t\t\t\t\t\t\t<svg aria-hidden=\"true\" class=\"e-font-icon-svg e-fas-check\" viewBox=\"0 0 512 512\" xmlns=\"http:\/\/www.w3.org\/2000\/svg\"><path d=\"M173.898 439.404l-166.4-166.4c-9.997-9.997-9.997-26.206 0-36.204l36.203-36.204c9.997-9.998 26.207-9.998 36.204 0L192 312.69 432.095 72.596c9.997-9.997 26.207-9.997 36.204 0l36.203 36.204c9.997 9.997 9.997 26.206 0 36.204l-294.4 294.401c-9.998 9.997-26.207 9.997-36.204-.001z\"><\/path><\/svg>\t\t\t\t\t\t<\/span>\n\t\t\t\t\t\t\t\t\t\t<span class=\"elementor-icon-list-text\">Todo producto est\u00e1 debidamente comprobado.<\/span>\n\t\t\t\t\t\t\t\t\t<\/li>\n\t\t\t\t\t\t<\/ul>\n\t\t\t\t<\/div>\n\t\t\t\t<\/div>\n\t\t\t\t<\/div>\n\t\t\t\t<\/div>\n\t\t\t\t\t<\/div>\n\t\t\t\t<\/div>\n\t\t\t\t<\/div>\n\t\t","protected":false},"excerpt":{"rendered":"<p>Nosotros Formulas Alternativas, S.A (Foralsa) es una empresa guatemalteca con m\u00e1s de 20 a\u00f1os de experiencia en el mercado, dedicada al servicio de la salud con el desarrollo y comercializaci\u00f3n de medicamentos naturales y Farmac\u00e9uticos en c\u00e1psulas de gelatina blanda. Todos nuestros productos est\u00e1n debidamente registrados en los Ministerios de Salud de los pa\u00edses en [&hellip;]<\/p>\n","protected":false},"author":1,"featured_media":0,"parent":0,"menu_order":0,"comment_status":"closed","ping_status":"closed","template":"page-full-width.php","meta":{"footnotes":""},"class_list":["post-1025","page","type-page","status-publish","hentry"],"_links":{"self":[{"href":"https:\/\/foralsa.com\/index.php?rest_route=\/wp\/v2\/pages\/1025","targetHints":{"allow":["GET"]}}],"collection":[{"href":"https:\/\/foralsa.com\/index.php?rest_route=\/wp\/v2\/pages"}],"about":[{"href":"https:\/\/foralsa.com\/index.php?rest_route=\/wp\/v2\/types\/page"}],"author":[{"embeddable":true,"href":"https:\/\/foralsa.com\/index.php?rest_route=\/wp\/v2\/users\/1"}],"replies":[{"embeddable":true,"href":"https:\/\/foralsa.com\/index.php?rest_route=%2Fwp%2Fv2%2Fcomments&post=1025"}],"version-history":[{"count":203,"href":"https:\/\/foralsa.com\/index.php?rest_route=\/wp\/v2\/pages\/1025\/revisions"}],"predecessor-version":[{"id":10975,"href":"https:\/\/foralsa.com\/index.php?rest_route=\/wp\/v2\/pages\/1025\/revisions\/10975"}],"wp:attachment":[{"href":"https:\/\/foralsa.com\/index.php?rest_route=%2Fwp%2Fv2%2Fmedia&parent=1025"}],"curies":[{"name":"wp","href":"https:\/\/api.w.org\/{rel}","templated":true}]}}