{"id":35,"date":"2023-12-20T14:54:10","date_gmt":"2023-12-20T14:54:10","guid":{"rendered":"https:\/\/vitasana.qodeinteractive.com\/?page_id=35"},"modified":"2025-03-13T22:16:32","modified_gmt":"2025-03-13T22:16:32","slug":"inicio-foralsa","status":"publish","type":"page","link":"https:\/\/foralsa.com\/","title":{"rendered":"Inicio Foralsa"},"content":{"rendered":"\t\t<div data-elementor-type=\"wp-page\" data-elementor-id=\"35\" class=\"elementor elementor-35\">\n\t\t\t\t<div class=\"elementor-element elementor-element-671ddb5 e-con-full e-flex e-con e-parent\" data-id=\"671ddb5\" data-element_type=\"container\">\n\t\t\t\t<div class=\"elementor-element elementor-element-ff399a2 elementor-widget elementor-widget-slider_revolution\" data-id=\"ff399a2\" data-element_type=\"widget\" data-widget_type=\"slider_revolution.default\">\n\t\t\t\t<div class=\"elementor-widget-container\">\n\t\t\t\n\t\t<div class=\"wp-block-themepunch-revslider\">\n\t\t\t\t<p class=\"rs-p-wp-fix\"><\/p>\n\t\t\t\t<sr7-module data-alias=\"Hero\" data-id=\"1\" id=\"SR7_1_1\" class=\"rs-ov-hidden\" data-version=\"6.7.17\">\n\t\t\t\t\t<sr7-adjuster><\/sr7-adjuster>\n\t\t\t\t\t<sr7-content>\n\t\t\t\t\t\t<sr7-slide id=\"SR7_1_1-1\" data-key=\"1\">\n\t\t\t\t\t\t\t<sr7-bg id=\"SR7_1_1-1-2\" class=\"sr7-layer\"><noscript><img decoding=\"async\" src=\"https:\/\/foralsa.actualizaweb.com\/wp-content\/uploads\/2024\/10\/hero.jpg\" alt=\"\" title=\"hero\"><\/noscript><\/sr7-bg>\n\t\t\t\t\t\t\t<sr7-txt id=\"SR7_1_1-1-1\" class=\"sr7-layer\">MENTE Y CUERPO SANO<\/sr7-txt>\n\t\t\t\t\t\t<\/sr7-slide>\n\t\t\t\t\t\t<sr7-slide id=\"SR7_1_1-2\" data-key=\"2\">\n\t\t\t\t\t\t<\/sr7-slide>\n\t\t\t\t\t<\/sr7-content>\n\t\t\t\t\t<image_lists style=\"display:none\">\n\t\t\t\t\t\t<img data-src=\"\/\/foralsa.actualizaweb.com\/wp-content\/uploads\/2024\/10\/hero.jpg\" data-libid=\"10453\" data-lib=\"medialibrary\" title=\"hero\" width=\"0\" height=\"0\" data-dbsrc=\"Ly9mb3JhbHNhLmFjdHVhbGl6YXdlYi5jb20vd3AtY29udGVudC91cGxvYWRzLzIwMjQvMTAvaGVyby5qcGc=\"\/>\n\t\t\t\t\t<\/image_lists>\n\t\t\t\t<\/sr7-module>\n\t\t\t\t<script>\n\t\t\t\t\tSR7.PMH ??={}; SR7.PMH[\"SR7_1_1\"] = {cn:0,state:false,fn: function() { if (_tpt!==undefined && _tpt.prepareModuleHeight !== undefined) {  _tpt.prepareModuleHeight({id:\"SR7_1_1\",el:[600,600,768,960,720],type:'standard',shdw:'0',gh:[600,600,495,376,232],gw:[1240,1240,1024,778,480],vpt:['100px'],size:{fullWidth:true, fullHeight:false},mh:'0',onh:0,onw:0,bg:{color:'{\"orig\":\"transparent\",\"type\":\"solid\",\"string\":\"transparent\"}'}});   SR7.PMH[\"SR7_1_1\"].state=true;} else if((SR7.PMH[\"SR7_1_1\"].cn++)<100)\tsetTimeout( SR7.PMH[\"SR7_1_1\"].fn,19);}};SR7.PMH[\"SR7_1_1\" ].fn();\n\t\t\t\t<\/script>\n<\/div>\n\n\t\t\t\t<\/div>\n\t\t\t\t<\/div>\n\t\t\t\t<\/div>\n\t\t<div class=\"elementor-element elementor-element-78b5ffb e-con-full e-flex e-con e-parent\" data-id=\"78b5ffb\" data-element_type=\"container\">\n\t\t<div class=\"elementor-element elementor-element-dd15c1e e-con-full e-flex e-con e-child\" data-id=\"dd15c1e\" data-element_type=\"container\" data-settings=\"{&quot;background_background&quot;:&quot;classic&quot;}\">\n\t\t\t\t<\/div>\n\t\t<div class=\"elementor-element elementor-element-25cd250 e-con-full e-flex e-con e-child\" data-id=\"25cd250\" data-element_type=\"container\" data-settings=\"{&quot;background_background&quot;:&quot;classic&quot;}\">\n\t\t\t\t<div class=\"elementor-element elementor-element-8511702 elementor-widget elementor-widget-text-editor\" data-id=\"8511702\" data-element_type=\"widget\" data-widget_type=\"text-editor.default\">\n\t\t\t\t<div class=\"elementor-widget-container\">\n\t\t\t\t\t\t\t<p>En Foralsa ofrecemos terapias de vanguardia que ayudan en el mejoramiento y control de la salud de las personas, ofreciendo en su mayor\u00eda, productos naturales.<\/p><p>El uso de los productos naturales minimizan los efectos colaterales, alcanzando la cura de un sin n\u00famero de enfermedades.<\/p><p>Los profesionales que conforman nuestro equipo han estudiado en M\u00e9xico, Argentina y pa\u00edses de Europa, por lo que las diferentes terapias que ofrecemos, gozan de la m\u00e1s alta calidad y reconocimiento.<\/p><p>Fabricamos en laboratorios que cuentan con equipos e instrumentos especializados, cuyos procesos y controles, alcanzan est\u00e1ndares internacionales, brindando la confianza necesaria en el uso de los productos que comercializamos.<\/p><p>Ofrecemos la seguridad y garant\u00eda que cualquier paciente necesita al momento de utilizar un producto farmac\u00e9utico.<\/p>\t\t\t\t\t\t<\/div>\n\t\t\t\t<\/div>\n\t\t\t\t<div class=\"elementor-element elementor-element-62a658a elementor-widget elementor-widget-button\" data-id=\"62a658a\" data-element_type=\"widget\" data-widget_type=\"button.default\">\n\t\t\t\t<div class=\"elementor-widget-container\">\n\t\t\t\t\t<div class=\"elementor-button-wrapper\">\n\t\t\t<a class=\"elementor-button elementor-button-link elementor-size-sm\" href=\"https:\/\/foralsa.com\/?page_id=1025\">\n\t\t\t\t\t\t<span class=\"elementor-button-content-wrapper\">\n\t\t\t\t\t\t\t\t\t<span class=\"elementor-button-text\">Ver m\u00e1s<\/span>\n\t\t\t\t\t<\/span>\n\t\t\t\t\t<\/a>\n\t\t<\/div>\n\t\t\t\t<\/div>\n\t\t\t\t<\/div>\n\t\t\t\t<\/div>\n\t\t\t\t<\/div>\n\t\t<div class=\"elementor-element elementor-element-697ff02 e-con-full qodef-elementor-content-grid e-flex e-con e-parent\" data-id=\"697ff02\" data-element_type=\"container\">\n\t\t<div class=\"elementor-element elementor-element-ff3d6e6 e-con-full e-flex e-con e-child\" data-id=\"ff3d6e6\" data-element_type=\"container\">\n\t\t\t\t<div class=\"elementor-element elementor-element-57bb99b elementor-widget elementor-widget-vitasana_core_section_title\" data-id=\"57bb99b\" data-element_type=\"widget\" data-widget_type=\"vitasana_core_section_title.default\">\n\t\t\t\t<div class=\"elementor-widget-container\">\n\t\t\t<div class=\"qodef-shortcode qodef-m  qodef-section-title qodef-section-title-62 qodef-alignment--left  \">\n        \t<h2 class=\"qodef-m-title\" >\n        Cont\u00e1ctanos\t<\/h2>\n\t    <\/div>\n\t\t<\/div>\n\t\t\t\t<\/div>\n\t\t<div class=\"elementor-element elementor-element-7dcd610 e-con-full e-flex e-con e-child\" data-id=\"7dcd610\" data-element_type=\"container\">\n\t\t<div class=\"elementor-element elementor-element-b7acc38 e-con-full e-flex e-con e-child\" data-id=\"b7acc38\" data-element_type=\"container\">\n\t\t\t\t<div class=\"elementor-element elementor-element-55dd870 elementor-widget elementor-widget-vitasana_core_icon_with_text\" data-id=\"55dd870\" data-element_type=\"widget\" data-widget_type=\"vitasana_core_icon_with_text.default\">\n\t\t\t\t<div class=\"elementor-widget-container\">\n\t\t\t<div class=\"qodef-shortcode qodef-m  qodef-icon-with-text qodef-layout--before-title qodef--svg-icon   qodef-disable-icon-badge qodef-disable-blur  qodef-has-link\">\n\t<div class=\"qodef-m-content\">\n        \t<span class=\"qodef-m-title\" >\n\t\t\t\t\t<a itemprop=\"url\" href=\"mailto:vitasana@example.com\" target=\"_blank\">\n\t\t\t\t\t<span class=\"qodef-m-title-inner\">\n\t\t\t\t<span class=\"qodef-m-icon-wrapper\" style=\"margin: 0 8px 0 0\">\n\t\t                <span class=\"qodef-icon-holder\">\r\n\t\t<span class=\"qodef-m-svg\" style=\"margin-top: -2px\">\r\n\t\t\t<svg xmlns=\"http:\/\/www.w3.org\/2000\/svg\" width=\"16\" height=\"16\"><text fill=\"#10235e\" font-family=\"ElegantIcons\" font-size=\"16\" letter-spacing=\".03em\" transform=\"translate(0 15)\"><tspan x=\"0\" y=\"0\">\ue010<\/tspan><\/text><\/svg>\t\t<\/span>\r\n\t<\/span>\r\n    \t            <\/span>\n\t\t\t\t<span class=\"qodef-m-title-text\">\n\t\t\t\t\tventas@foralsa.com\t\t\t\t<\/span>\n\t\t\t<\/span>\n\t\t\t\t\t<\/a>\n\t\t\t<\/span>\n\t\t\t<\/div>\n<\/div>\n\t\t<\/div>\n\t\t\t\t<\/div>\n\t\t\t\t<div class=\"elementor-element elementor-element-c011ac3 elementor-widget elementor-widget-vitasana_core_icon_with_text\" data-id=\"c011ac3\" data-element_type=\"widget\" data-widget_type=\"vitasana_core_icon_with_text.default\">\n\t\t\t\t<div class=\"elementor-widget-container\">\n\t\t\t<div class=\"qodef-shortcode qodef-m  qodef-icon-with-text qodef-layout--before-title qodef--icon-pack   qodef-disable-icon-badge qodef-disable-blur  qodef-has-link\">\n\t<div class=\"qodef-m-content\">\n        \t<span class=\"qodef-m-title\" >\n\t\t\t\t\t<a itemprop=\"url\" href=\"tel:+50266260600\" target=\"_blank\">\n\t\t\t\t\t<span class=\"qodef-m-title-inner\">\n\t\t\t\t<span class=\"qodef-m-icon-wrapper\" style=\"margin: 0 8px 0 0\">\n\t\t            <span class=\"qodef-shortcode qodef-m  qodef-icon-holder  qodef-layout--normal\"  >\t\t\t<span class=\"qodef-icon-elegant-icons icon_mobile qodef-icon qodef-e\" style=\"font-size: 16px\" ><\/span>\t<\/span>\t            <\/span>\n\t\t\t\t<span class=\"qodef-m-title-text\">\n\t\t\t\t\t(+502) 6626 0630\t\t\t\t<\/span>\n\t\t\t<\/span>\n\t\t\t\t\t<\/a>\n\t\t\t<\/span>\n\t\t\t<\/div>\n<\/div>\n\t\t<\/div>\n\t\t\t\t<\/div>\n\t\t\t\t<\/div>\n\t\t\t\t<\/div>\n\t\t\t\t<\/div>\n\t\t<div class=\"elementor-element elementor-element-8f70923 e-con-full e-flex e-con e-child\" data-id=\"8f70923\" data-element_type=\"container\">\n\t\t\t\t<div class=\"elementor-element elementor-element-ed24a9b elementor-widget elementor-widget-text-editor\" data-id=\"ed24a9b\" data-element_type=\"widget\" data-widget_type=\"text-editor.default\">\n\t\t\t\t<div class=\"elementor-widget-container\">\n\t\t\t\t\t\t\t<p>\n<div class=\"wpcf7 no-js\" id=\"wpcf7-f10034-p35-o1\" lang=\"en-US\" dir=\"ltr\">\n<div class=\"screen-reader-response\"><p role=\"status\" aria-live=\"polite\" aria-atomic=\"true\"><\/p> <ul><\/ul><\/div>\n<form action=\"\/?quick_view_button=10593#wpcf7-f10034-p35-o1\" method=\"post\" class=\"wpcf7-form init demo\" aria-label=\"Contact form\" novalidate=\"novalidate\" data-status=\"init\">\n<div style=\"display: none;\">\n<input type=\"hidden\" name=\"_wpcf7\" value=\"10034\" \/>\n<input type=\"hidden\" name=\"_wpcf7_version\" value=\"5.9.8\" \/>\n<input type=\"hidden\" name=\"_wpcf7_locale\" value=\"en_US\" \/>\n<input type=\"hidden\" name=\"_wpcf7_unit_tag\" value=\"wpcf7-f10034-p35-o1\" \/>\n<input type=\"hidden\" name=\"_wpcf7_container_post\" value=\"35\" \/>\n<input type=\"hidden\" name=\"_wpcf7_posted_data_hash\" value=\"\" \/>\n<\/div>\n<div class=\"qodef-contact-us-form qodef-layout--template\">\n\n<div class=\"qodef-grid-inner\">\n\n<div class=\"qodef-grid-item qodef-input-holder\"> <span class=\"wpcf7-form-control-wrap\" data-name=\"your-name\"><input size=\"40\" maxlength=\"400\" class=\"wpcf7-form-control wpcf7-text wpcf7-validates-as-required\" aria-required=\"true\" aria-invalid=\"false\" placeholder=\"Nombre*\" value=\"\" type=\"text\" name=\"your-name\" \/><\/span><\/div>\n\n<div class=\"qodef-grid-item qodef-input-holder\"> <span class=\"wpcf7-form-control-wrap\" data-name=\"your-email\"><input size=\"40\" maxlength=\"400\" class=\"wpcf7-form-control wpcf7-email wpcf7-validates-as-required wpcf7-text wpcf7-validates-as-email\" aria-required=\"true\" aria-invalid=\"false\" placeholder=\"Email*\" value=\"\" type=\"email\" name=\"your-email\" \/><\/span><\/div>\n\n<div class=\"qodef-grid-item qodef-input-holder\"><span class=\"wpcf7-form-control-wrap\" data-name=\"your-message\"><textarea cols=\"40\" rows=\"6\" maxlength=\"2000\" class=\"wpcf7-form-control wpcf7-textarea\" aria-invalid=\"false\" placeholder=\"Mensaje*\" name=\"your-message\"><\/textarea><\/span><\/div>\n\n<\/div>\n\n<div class=\"qodef-grid-item qodef-col--12 qodef-center\"><button class=\"wpcf7-form-control wpcf7-submit qodef-button qodef-size--normal qodef-layout--filled qodef-m\" type=\"submit\"><span class=\"qodef-m-text\" data-title=Enviar>Enviar<\/span><\/button><\/div>\n\n<\/div><div class=\"wpcf7-response-output\" aria-hidden=\"true\"><\/div>\n<\/form>\n<\/div>\n<\/p>\t\t\t\t\t\t<\/div>\n\t\t\t\t<\/div>\n\t\t\t\t<\/div>\n\t\t\t\t<\/div>\n\t\t<div class=\"elementor-element elementor-element-6d5236f e-con-full e-flex e-con e-parent\" data-id=\"6d5236f\" data-element_type=\"container\">\n\t\t\t\t<div class=\"elementor-element elementor-element-85d1be6 elementor-widget elementor-widget-vitasana_core_google_map\" data-id=\"85d1be6\" data-element_type=\"widget\" data-widget_type=\"vitasana_core_google_map.default\">\n\t\t\t\t<div class=\"elementor-widget-container\">\n\t\t\t<div class=\"qodef-shortcode qodef-m  qodef-google-map\">\n\t<div class=\"qodef-m-map\" id=\"qodef-map-id--255\" data-addresses='[\"117-101 61st St, West New York, NJ 07093, USA\"]' data-pin=https:\/\/foralsa.com\/wp-content\/plugins\/vitasana-core\/inc\/maps\/assets\/img\/pin.png data-unique-id=255 data-height=560><\/div>\n<\/div>\n\t\t<\/div>\n\t\t\t\t<\/div>\n\t\t\t\t<\/div>\n\t\t\t\t<\/div>\n\t\t","protected":false},"excerpt":{"rendered":"<p>En Foralsa ofrecemos terapias de vanguardia que ayudan en el mejoramiento y control de la salud de las personas, ofreciendo en su mayor\u00eda, productos naturales. El uso de los productos naturales minimizan los efectos colaterales, alcanzando la cura de un sin n\u00famero de enfermedades. Los profesionales que conforman nuestro equipo han estudiado en M\u00e9xico, Argentina [&hellip;]<\/p>\n","protected":false},"author":1,"featured_media":0,"parent":0,"menu_order":0,"comment_status":"closed","ping_status":"closed","template":"page-full-width.php","meta":{"footnotes":""},"class_list":["post-35","page","type-page","status-publish","hentry"],"_links":{"self":[{"href":"https:\/\/foralsa.com\/index.php?rest_route=\/wp\/v2\/pages\/35","targetHints":{"allow":["GET"]}}],"collection":[{"href":"https:\/\/foralsa.com\/index.php?rest_route=\/wp\/v2\/pages"}],"about":[{"href":"https:\/\/foralsa.com\/index.php?rest_route=\/wp\/v2\/types\/page"}],"author":[{"embeddable":true,"href":"https:\/\/foralsa.com\/index.php?rest_route=\/wp\/v2\/users\/1"}],"replies":[{"embeddable":true,"href":"https:\/\/foralsa.com\/index.php?rest_route=%2Fwp%2Fv2%2Fcomments&post=35"}],"version-history":[{"count":250,"href":"https:\/\/foralsa.com\/index.php?rest_route=\/wp\/v2\/pages\/35\/revisions"}],"predecessor-version":[{"id":11072,"href":"https:\/\/foralsa.com\/index.php?rest_route=\/wp\/v2\/pages\/35\/revisions\/11072"}],"wp:attachment":[{"href":"https:\/\/foralsa.com\/index.php?rest_route=%2Fwp%2Fv2%2Fmedia&parent=35"}],"curies":[{"name":"wp","href":"https:\/\/api.w.org\/{rel}","templated":true}]}}