{"id":10551,"date":"2024-11-12T22:44:44","date_gmt":"2024-11-12T22:44:44","guid":{"rendered":"https:\/\/foralsa.actualizaweb.com\/?post_type=product&#038;p=10551"},"modified":"2026-03-23T19:50:35","modified_gmt":"2026-03-23T19:50:35","slug":"dexketoprofeno-25-mg","status":"publish","type":"product","link":"https:\/\/foralsa.com\/?product=dexketoprofeno-25-mg","title":{"rendered":"Dexketoprofeno 25 mg"},"content":{"rendered":"<p><span data-contrast=\"auto\">Analg\u00e9sico, antiinflamatorio y antipir\u00e9tico.\u00a0<\/span><span data-ccp-props=\"{}\">\u00a0<\/span><\/p>\n<p><span data-contrast=\"auto\">USO CL\u00cdNICO: Tratamiento sintom\u00e1tico del dolor de intensidad leve o moderada, tal como dolor musculoesquel\u00e9tico, dismenorrea, odontolog\u00eda.<\/span><\/p>\n","protected":false},"excerpt":{"rendered":"<p>Analg\u00e9sico, antiinflamatorio y antipir\u00e9tico.\u00a0\u00a0 USO CL\u00cdNICO: Tratamiento sintom\u00e1tico del dolor de intensidad leve o moderada, tal como dolor musculoesquel\u00e9tico, dismenorrea, odontolog\u00eda.<\/p>\n","protected":false},"featured_media":0,"template":"","meta":[],"product_cat":[111],"product_tag":[],"class_list":{"0":"post-10551","1":"product","2":"type-product","3":"status-publish","5":"product_cat-analgesicos","7":"first","8":"instock","9":"shipping-taxable","10":"product-type-simple"},"_links":{"self":[{"href":"https:\/\/foralsa.com\/index.php?rest_route=\/wp\/v2\/product\/10551","targetHints":{"allow":["GET"]}}],"collection":[{"href":"https:\/\/foralsa.com\/index.php?rest_route=\/wp\/v2\/product"}],"about":[{"href":"https:\/\/foralsa.com\/index.php?rest_route=\/wp\/v2\/types\/product"}],"wp:attachment":[{"href":"https:\/\/foralsa.com\/index.php?rest_route=%2Fwp%2Fv2%2Fmedia&parent=10551"}],"wp:term":[{"taxonomy":"product_cat","embeddable":true,"href":"https:\/\/foralsa.com\/index.php?rest_route=%2Fwp%2Fv2%2Fproduct_cat&post=10551"},{"taxonomy":"product_tag","embeddable":true,"href":"https:\/\/foralsa.com\/index.php?rest_route=%2Fwp%2Fv2%2Fproduct_tag&post=10551"}],"curies":[{"name":"wp","href":"https:\/\/api.w.org\/{rel}","templated":true}]}}