{"id":10569,"date":"2024-11-12T23:03:05","date_gmt":"2024-11-12T23:03:05","guid":{"rendered":"https:\/\/foralsa.actualizaweb.com\/?post_type=product&#038;p=10569"},"modified":"2026-03-23T19:59:03","modified_gmt":"2026-03-23T19:59:03","slug":"antigripal-dia","status":"publish","type":"product","link":"https:\/\/foralsa.com\/?product=antigripal-dia","title":{"rendered":"Antigripal D\u00eda"},"content":{"rendered":"<p><span class=\"TextRun SCXW53848194 BCX8\" lang=\"ES-GT\" xml:lang=\"ES-GT\" data-contrast=\"auto\"><span class=\"NormalTextRun SCXW53848194 BCX8\">O<\/span><span class=\"NormalTextRun SCXW53848194 BCX8\">frece un alivio r\u00e1pido y efectivo de los s\u00edntomas relacionados a la gripe como dolor asociado al resfr\u00edo com\u00fan, congesti\u00f3n nasal y fiebre para que continues con tu d\u00eda sin provocarte sue\u00f1o, <\/span><span class=\"NormalTextRun SCXW53848194 BCX8\">gracias a que su f\u00f3rmula contine <\/span><span class=\"NormalTextRun SCXW53848194 BCX8\">cafe\u00edna.<\/span><\/span><\/p>\n","protected":false},"excerpt":{"rendered":"<p>Ofrece un alivio r\u00e1pido y efectivo de los s\u00edntomas relacionados a la gripe como dolor asociado al resfr\u00edo com\u00fan, congesti\u00f3n nasal y fiebre para que continues con tu d\u00eda sin provocarte sue\u00f1o, gracias a que su f\u00f3rmula contine cafe\u00edna.<\/p>\n","protected":false},"featured_media":0,"template":"","meta":[],"product_cat":[112],"product_tag":[],"class_list":{"0":"post-10569","1":"product","2":"type-product","3":"status-publish","5":"product_cat-antigripales-y-antihistaminicos","7":"first","8":"instock","9":"shipping-taxable","10":"product-type-simple"},"_links":{"self":[{"href":"https:\/\/foralsa.com\/index.php?rest_route=\/wp\/v2\/product\/10569","targetHints":{"allow":["GET"]}}],"collection":[{"href":"https:\/\/foralsa.com\/index.php?rest_route=\/wp\/v2\/product"}],"about":[{"href":"https:\/\/foralsa.com\/index.php?rest_route=\/wp\/v2\/types\/product"}],"wp:attachment":[{"href":"https:\/\/foralsa.com\/index.php?rest_route=%2Fwp%2Fv2%2Fmedia&parent=10569"}],"wp:term":[{"taxonomy":"product_cat","embeddable":true,"href":"https:\/\/foralsa.com\/index.php?rest_route=%2Fwp%2Fv2%2Fproduct_cat&post=10569"},{"taxonomy":"product_tag","embeddable":true,"href":"https:\/\/foralsa.com\/index.php?rest_route=%2Fwp%2Fv2%2Fproduct_tag&post=10569"}],"curies":[{"name":"wp","href":"https:\/\/api.w.org\/{rel}","templated":true}]}}