{"id":10581,"date":"2024-11-14T20:40:02","date_gmt":"2024-11-14T20:40:02","guid":{"rendered":"https:\/\/foralsa.actualizaweb.com\/?post_type=product&#038;p=10581"},"modified":"2026-03-23T20:15:59","modified_gmt":"2026-03-23T20:15:59","slug":"ginko-biloba-con-ginseng-50-mg","status":"publish","type":"product","link":"https:\/\/foralsa.com\/?product=ginko-biloba-con-ginseng-50-mg","title":{"rendered":"Ginko Biloba con Ginseng 50 mg"},"content":{"rendered":"<p><span class=\"TextRun SCXW112457019 BCX8\" lang=\"ES-GT\" xml:lang=\"ES-GT\" data-contrast=\"auto\"><span class=\"NormalTextRun SpellingErrorV2Themed SCXW112457019 BCX8\">Ginko<\/span><span class=\"NormalTextRun SCXW112457019 BCX8\"> Biloba con Ginseng se le atribuyen m\u00faltiples propiedades para la salud, sobre todo en las enfermedades relacionadas con: Envejecimiento, problemas de memoria, Alzh\u00e9imer, depresi\u00f3n, ansiedad, v\u00e9rtigo, cansancio y disminuci\u00f3n del rendimiento f\u00edsico, ya que por su combinaci\u00f3n ayuda tanto en el cerebro al mismo tiempo que brinda energ\u00eda para un mejor rendimiento<\/span><\/span><span class=\"TextRun SCXW112457019 BCX8\" lang=\"ES-GT\" xml:lang=\"ES-GT\" data-contrast=\"auto\"><span class=\"NormalTextRun SCXW112457019 BCX8\">.<\/span><\/span><\/p>\n","protected":false},"excerpt":{"rendered":"<p>Ginko Biloba con Ginseng se le atribuyen m\u00faltiples propiedades para la salud, sobre todo en las enfermedades relacionadas con: Envejecimiento, problemas de memoria, Alzh\u00e9imer, depresi\u00f3n, ansiedad, v\u00e9rtigo, cansancio y disminuci\u00f3n del rendimiento f\u00edsico, ya que por su combinaci\u00f3n ayuda tanto en el cerebro al mismo tiempo que brinda energ\u00eda para un mejor rendimiento.<\/p>\n","protected":false},"featured_media":0,"template":"","meta":[],"product_cat":[113],"product_tag":[],"class_list":{"0":"post-10581","1":"product","2":"type-product","3":"status-publish","5":"product_cat-cerebro","7":"first","8":"instock","9":"shipping-taxable","10":"product-type-simple"},"_links":{"self":[{"href":"https:\/\/foralsa.com\/index.php?rest_route=\/wp\/v2\/product\/10581","targetHints":{"allow":["GET"]}}],"collection":[{"href":"https:\/\/foralsa.com\/index.php?rest_route=\/wp\/v2\/product"}],"about":[{"href":"https:\/\/foralsa.com\/index.php?rest_route=\/wp\/v2\/types\/product"}],"wp:attachment":[{"href":"https:\/\/foralsa.com\/index.php?rest_route=%2Fwp%2Fv2%2Fmedia&parent=10581"}],"wp:term":[{"taxonomy":"product_cat","embeddable":true,"href":"https:\/\/foralsa.com\/index.php?rest_route=%2Fwp%2Fv2%2Fproduct_cat&post=10581"},{"taxonomy":"product_tag","embeddable":true,"href":"https:\/\/foralsa.com\/index.php?rest_route=%2Fwp%2Fv2%2Fproduct_tag&post=10581"}],"curies":[{"name":"wp","href":"https:\/\/api.w.org\/{rel}","templated":true}]}}