{"id":10583,"date":"2024-11-14T20:44:05","date_gmt":"2024-11-14T20:44:05","guid":{"rendered":"https:\/\/foralsa.actualizaweb.com\/?post_type=product&#038;p=10583"},"modified":"2026-03-23T20:16:08","modified_gmt":"2026-03-23T20:16:08","slug":"melatonina","status":"publish","type":"product","link":"https:\/\/foralsa.com\/?product=melatonina","title":{"rendered":"Melatonina"},"content":{"rendered":"<p><span data-contrast=\"auto\">La Melatonina es utilizada para combatir el insomnio y para mejorar el sue\u00f1o en diferentes condiciones, como el desfase horario. Tambi\u00e9n se usa para la depresi\u00f3n, el dolor cr\u00f3nico y la demencia.<\/span><\/p>\n","protected":false},"excerpt":{"rendered":"<p>La Melatonina es utilizada para combatir el insomnio y para mejorar el sue\u00f1o en diferentes condiciones, como el desfase horario. Tambi\u00e9n se usa para la depresi\u00f3n, el dolor cr\u00f3nico y la demencia.<\/p>\n","protected":false},"featured_media":0,"template":"","meta":[],"product_cat":[113],"product_tag":[],"class_list":{"0":"post-10583","1":"product","2":"type-product","3":"status-publish","5":"product_cat-cerebro","7":"first","8":"instock","9":"shipping-taxable","10":"product-type-simple"},"_links":{"self":[{"href":"https:\/\/foralsa.com\/index.php?rest_route=\/wp\/v2\/product\/10583","targetHints":{"allow":["GET"]}}],"collection":[{"href":"https:\/\/foralsa.com\/index.php?rest_route=\/wp\/v2\/product"}],"about":[{"href":"https:\/\/foralsa.com\/index.php?rest_route=\/wp\/v2\/types\/product"}],"wp:attachment":[{"href":"https:\/\/foralsa.com\/index.php?rest_route=%2Fwp%2Fv2%2Fmedia&parent=10583"}],"wp:term":[{"taxonomy":"product_cat","embeddable":true,"href":"https:\/\/foralsa.com\/index.php?rest_route=%2Fwp%2Fv2%2Fproduct_cat&post=10583"},{"taxonomy":"product_tag","embeddable":true,"href":"https:\/\/foralsa.com\/index.php?rest_route=%2Fwp%2Fv2%2Fproduct_tag&post=10583"}],"curies":[{"name":"wp","href":"https:\/\/api.w.org\/{rel}","templated":true}]}}