{"id":10585,"date":"2024-11-14T20:49:32","date_gmt":"2024-11-14T20:49:32","guid":{"rendered":"https:\/\/foralsa.actualizaweb.com\/?post_type=product&#038;p=10585"},"modified":"2026-03-23T20:16:20","modified_gmt":"2026-03-23T20:16:20","slug":"sonnorex","status":"publish","type":"product","link":"https:\/\/foralsa.com\/?product=sonnorex","title":{"rendered":"Son\u00f1orex"},"content":{"rendered":"<p><span data-contrast=\"auto\">Gracias a su combinaci\u00f3n de Valeriana, Melatonina y Pasiflora, Son\u00f1orex permite obtener una relajaci\u00f3n adecuada que ayuda a conciliar el sue\u00f1o.<\/span><\/p>\n","protected":false},"excerpt":{"rendered":"<p>Gracias a su combinaci\u00f3n de Valeriana, Melatonina y Pasiflora, Son\u00f1orex permite obtener una relajaci\u00f3n adecuada que ayuda a conciliar el sue\u00f1o.<\/p>\n","protected":false},"featured_media":0,"template":"","meta":[],"product_cat":[113],"product_tag":[],"class_list":{"0":"post-10585","1":"product","2":"type-product","3":"status-publish","5":"product_cat-cerebro","7":"first","8":"instock","9":"shipping-taxable","10":"product-type-simple"},"_links":{"self":[{"href":"https:\/\/foralsa.com\/index.php?rest_route=\/wp\/v2\/product\/10585","targetHints":{"allow":["GET"]}}],"collection":[{"href":"https:\/\/foralsa.com\/index.php?rest_route=\/wp\/v2\/product"}],"about":[{"href":"https:\/\/foralsa.com\/index.php?rest_route=\/wp\/v2\/types\/product"}],"wp:attachment":[{"href":"https:\/\/foralsa.com\/index.php?rest_route=%2Fwp%2Fv2%2Fmedia&parent=10585"}],"wp:term":[{"taxonomy":"product_cat","embeddable":true,"href":"https:\/\/foralsa.com\/index.php?rest_route=%2Fwp%2Fv2%2Fproduct_cat&post=10585"},{"taxonomy":"product_tag","embeddable":true,"href":"https:\/\/foralsa.com\/index.php?rest_route=%2Fwp%2Fv2%2Fproduct_tag&post=10585"}],"curies":[{"name":"wp","href":"https:\/\/api.w.org\/{rel}","templated":true}]}}