{"id":10587,"date":"2024-11-14T20:54:24","date_gmt":"2024-11-14T20:54:24","guid":{"rendered":"https:\/\/foralsa.actualizaweb.com\/?post_type=product&#038;p=10587"},"modified":"2026-03-23T20:02:19","modified_gmt":"2026-03-23T20:02:19","slug":"aceite-de-higado-de-bacalao","status":"publish","type":"product","link":"https:\/\/foralsa.com\/?product=aceite-de-higado-de-bacalao","title":{"rendered":"Aceite de Higado de Bacalao"},"content":{"rendered":"<p><span data-contrast=\"auto\">El Aceite de H\u00edgado de Bacalao contiene ciertos \u00ab\u00e1cidos grasos\u00bb que evitan que la sangre se coagule f\u00e1cilmente. Estos \u00e1cidos grasos tambi\u00e9n reducen el dolor y la hinchaz\u00f3n.<\/span><br \/>\n<span data-contrast=\"auto\">Es una fuente de vitaminas A y D y una grasa llamada omega-3.<\/span><span data-ccp-props=\"{}\">\u00a0<\/span><\/p>\n<p><span data-ccp-props=\"{}\">\u00a0<\/span><\/p>\n","protected":false},"excerpt":{"rendered":"<p>El Aceite de H\u00edgado de Bacalao contiene ciertos \u00ab\u00e1cidos grasos\u00bb que evitan que la sangre se coagule f\u00e1cilmente. Estos \u00e1cidos grasos tambi\u00e9n reducen el dolor y la hinchaz\u00f3n. Es una fuente de vitaminas A y D y una grasa llamada omega-3.\u00a0 \u00a0<\/p>\n","protected":false},"featured_media":0,"template":"","meta":[],"product_cat":[114],"product_tag":[],"class_list":{"0":"post-10587","1":"product","2":"type-product","3":"status-publish","5":"product_cat-complementos-nutricionales","7":"first","8":"instock","9":"shipping-taxable","10":"product-type-simple"},"_links":{"self":[{"href":"https:\/\/foralsa.com\/index.php?rest_route=\/wp\/v2\/product\/10587","targetHints":{"allow":["GET"]}}],"collection":[{"href":"https:\/\/foralsa.com\/index.php?rest_route=\/wp\/v2\/product"}],"about":[{"href":"https:\/\/foralsa.com\/index.php?rest_route=\/wp\/v2\/types\/product"}],"wp:attachment":[{"href":"https:\/\/foralsa.com\/index.php?rest_route=%2Fwp%2Fv2%2Fmedia&parent=10587"}],"wp:term":[{"taxonomy":"product_cat","embeddable":true,"href":"https:\/\/foralsa.com\/index.php?rest_route=%2Fwp%2Fv2%2Fproduct_cat&post=10587"},{"taxonomy":"product_tag","embeddable":true,"href":"https:\/\/foralsa.com\/index.php?rest_route=%2Fwp%2Fv2%2Fproduct_tag&post=10587"}],"curies":[{"name":"wp","href":"https:\/\/api.w.org\/{rel}","templated":true}]}}