{"id":10589,"date":"2024-11-14T20:55:19","date_gmt":"2024-11-14T20:55:19","guid":{"rendered":"https:\/\/foralsa.actualizaweb.com\/?post_type=product&#038;p=10589"},"modified":"2026-03-23T20:04:17","modified_gmt":"2026-03-23T20:04:17","slug":"omega-3-1000","status":"publish","type":"product","link":"https:\/\/foralsa.com\/?product=omega-3-1000","title":{"rendered":"Omega 3 1000 MG"},"content":{"rendered":"<p><span data-contrast=\"auto\">Ayuda a reducir la cantidad de Triglic\u00e9ridos y Colesterol en la sangre manteniendo un coraz\u00f3n saludable<\/span><span data-ccp-props=\"{}\">\u00a0<\/span><\/p>\n<p><span data-contrast=\"auto\">Disminuye la inflamaci\u00f3n y reduce el riesgo de enfermedades cr\u00f3nicas como: Artritis, Enfermedades del coraz\u00f3n y Demencia Senil<\/span><span data-ccp-props=\"{}\">\u00a0<\/span><\/p>\n<p><span data-ccp-props=\"{}\">\u00a0<\/span><\/p>\n","protected":false},"excerpt":{"rendered":"<p>Ayuda a reducir la cantidad de Triglic\u00e9ridos y Colesterol en la sangre manteniendo un coraz\u00f3n saludable\u00a0 Disminuye la inflamaci\u00f3n y reduce el riesgo de enfermedades cr\u00f3nicas como: Artritis, Enfermedades del coraz\u00f3n y Demencia Senil\u00a0 \u00a0<\/p>\n","protected":false},"featured_media":0,"template":"","meta":[],"product_cat":[114],"product_tag":[],"class_list":{"0":"post-10589","1":"product","2":"type-product","3":"status-publish","5":"product_cat-complementos-nutricionales","7":"first","8":"instock","9":"shipping-taxable","10":"product-type-simple"},"_links":{"self":[{"href":"https:\/\/foralsa.com\/index.php?rest_route=\/wp\/v2\/product\/10589","targetHints":{"allow":["GET"]}}],"collection":[{"href":"https:\/\/foralsa.com\/index.php?rest_route=\/wp\/v2\/product"}],"about":[{"href":"https:\/\/foralsa.com\/index.php?rest_route=\/wp\/v2\/types\/product"}],"wp:attachment":[{"href":"https:\/\/foralsa.com\/index.php?rest_route=%2Fwp%2Fv2%2Fmedia&parent=10589"}],"wp:term":[{"taxonomy":"product_cat","embeddable":true,"href":"https:\/\/foralsa.com\/index.php?rest_route=%2Fwp%2Fv2%2Fproduct_cat&post=10589"},{"taxonomy":"product_tag","embeddable":true,"href":"https:\/\/foralsa.com\/index.php?rest_route=%2Fwp%2Fv2%2Fproduct_tag&post=10589"}],"curies":[{"name":"wp","href":"https:\/\/api.w.org\/{rel}","templated":true}]}}