{"id":10595,"date":"2024-11-14T20:57:52","date_gmt":"2024-11-14T20:57:52","guid":{"rendered":"https:\/\/foralsa.actualizaweb.com\/?post_type=product&#038;p=10595"},"modified":"2026-03-23T20:12:54","modified_gmt":"2026-03-23T20:12:54","slug":"aloe-vera","status":"publish","type":"product","link":"https:\/\/foralsa.com\/?product=aloe-vera","title":{"rendered":"Aloe Vera"},"content":{"rendered":"<p><span class=\"TextRun SCXW144118560 BCX8\" lang=\"ES-GT\" xml:lang=\"ES-GT\" data-contrast=\"auto\"><span class=\"NormalTextRun SCXW144118560 BCX8\">Estimula la producci\u00f3n de <\/span><span class=\"NormalTextRun SCXW144118560 BCX8\">la <\/span><span class=\"NormalTextRun SCXW144118560 BCX8\">flora bacteriana intestinal, indispensable para un correcto proceso digestivo. Al normalizar la digesti\u00f3n, previene tanto el estre\u00f1imiento como la diarrea. Es excelente para sanar \u00falceras estomacales e intestinales, ya que es muy \u00fatil para reducir irritaciones y cicatrizar heridas<\/span><\/span><span class=\"EOP SCXW144118560 BCX8\" data-ccp-props=\"{}\">\u00a0<\/span><\/p>\n","protected":false},"excerpt":{"rendered":"<p>Estimula la producci\u00f3n de la flora bacteriana intestinal, indispensable para un correcto proceso digestivo. Al normalizar la digesti\u00f3n, previene tanto el estre\u00f1imiento como la diarrea. Es excelente para sanar \u00falceras estomacales e intestinales, ya que es muy \u00fatil para reducir irritaciones y cicatrizar heridas\u00a0<\/p>\n","protected":false},"featured_media":0,"template":"","meta":[],"product_cat":[116],"product_tag":[],"class_list":{"0":"post-10595","1":"product","2":"type-product","3":"status-publish","5":"product_cat-gastrointestinales","7":"first","8":"instock","9":"shipping-taxable","10":"product-type-simple"},"_links":{"self":[{"href":"https:\/\/foralsa.com\/index.php?rest_route=\/wp\/v2\/product\/10595","targetHints":{"allow":["GET"]}}],"collection":[{"href":"https:\/\/foralsa.com\/index.php?rest_route=\/wp\/v2\/product"}],"about":[{"href":"https:\/\/foralsa.com\/index.php?rest_route=\/wp\/v2\/types\/product"}],"wp:attachment":[{"href":"https:\/\/foralsa.com\/index.php?rest_route=%2Fwp%2Fv2%2Fmedia&parent=10595"}],"wp:term":[{"taxonomy":"product_cat","embeddable":true,"href":"https:\/\/foralsa.com\/index.php?rest_route=%2Fwp%2Fv2%2Fproduct_cat&post=10595"},{"taxonomy":"product_tag","embeddable":true,"href":"https:\/\/foralsa.com\/index.php?rest_route=%2Fwp%2Fv2%2Fproduct_tag&post=10595"}],"curies":[{"name":"wp","href":"https:\/\/api.w.org\/{rel}","templated":true}]}}