{"id":10601,"date":"2024-11-14T21:00:55","date_gmt":"2024-11-14T21:00:55","guid":{"rendered":"https:\/\/foralsa.actualizaweb.com\/?post_type=product&#038;p=10601"},"modified":"2026-03-23T20:14:04","modified_gmt":"2026-03-23T20:14:04","slug":"aceite-de-ajo","status":"publish","type":"product","link":"https:\/\/foralsa.com\/?product=aceite-de-ajo","title":{"rendered":"Aceite de Ajo"},"content":{"rendered":"<p><span data-contrast=\"auto\">Suplemento nutricional, antiflem\u00e1tico, antis\u00e9ptico. Depurativo de la sangre, combate el estre\u00f1imiento, carminativo, insomnio. El ajo es conocido por sus propiedades antioxidantes, y ayuda a mantener los niveles de colesterol<\/span><br \/>\n<span data-contrast=\"auto\">Apoya al sistema cardiovascular al mantener la funci\u00f3n circulatoria y la salud general del coraz\u00f3n.<\/span><\/p>\n","protected":false},"excerpt":{"rendered":"<p>Suplemento nutricional, antiflem\u00e1tico, antis\u00e9ptico. Depurativo de la sangre, combate el estre\u00f1imiento, carminativo, insomnio. El ajo es conocido por sus propiedades antioxidantes, y ayuda a mantener los niveles de colesterol Apoya al sistema cardiovascular al mantener la funci\u00f3n circulatoria y la salud general del coraz\u00f3n.<\/p>\n","protected":false},"featured_media":0,"template":"","meta":[],"product_cat":[117],"product_tag":[],"class_list":{"0":"post-10601","1":"product","2":"type-product","3":"status-publish","5":"product_cat-naturales","7":"first","8":"instock","9":"shipping-taxable","10":"product-type-simple"},"_links":{"self":[{"href":"https:\/\/foralsa.com\/index.php?rest_route=\/wp\/v2\/product\/10601","targetHints":{"allow":["GET"]}}],"collection":[{"href":"https:\/\/foralsa.com\/index.php?rest_route=\/wp\/v2\/product"}],"about":[{"href":"https:\/\/foralsa.com\/index.php?rest_route=\/wp\/v2\/types\/product"}],"wp:attachment":[{"href":"https:\/\/foralsa.com\/index.php?rest_route=%2Fwp%2Fv2%2Fmedia&parent=10601"}],"wp:term":[{"taxonomy":"product_cat","embeddable":true,"href":"https:\/\/foralsa.com\/index.php?rest_route=%2Fwp%2Fv2%2Fproduct_cat&post=10601"},{"taxonomy":"product_tag","embeddable":true,"href":"https:\/\/foralsa.com\/index.php?rest_route=%2Fwp%2Fv2%2Fproduct_tag&post=10601"}],"curies":[{"name":"wp","href":"https:\/\/api.w.org\/{rel}","templated":true}]}}