{"id":10625,"date":"2024-11-14T21:10:23","date_gmt":"2024-11-14T21:10:23","guid":{"rendered":"https:\/\/foralsa.actualizaweb.com\/?post_type=product&#038;p=10625"},"modified":"2026-03-23T20:21:06","modified_gmt":"2026-03-23T20:21:06","slug":"vitamina-d-2000-ui","status":"publish","type":"product","link":"https:\/\/foralsa.com\/?product=vitamina-d-2000-ui","title":{"rendered":"Vitamina D 2,000 UI"},"content":{"rendered":"<p><span class=\"TextRun SCXW208750670 BCX8\" lang=\"ES-GT\" xml:lang=\"ES-GT\" data-contrast=\"auto\"><span class=\"NormalTextRun SCXW208750670 BCX8\">La vitamina D ayuda a absorber el calcio, que es un mineral fundamental para la formaci\u00f3n de huesos.\u202fTambi\u00e9n ayuda a mantener la salud de los m\u00fasculos y del sistema inmunol\u00f3gico.<\/span><\/span><\/p>\n","protected":false},"excerpt":{"rendered":"<p>La vitamina D ayuda a absorber el calcio, que es un mineral fundamental para la formaci\u00f3n de huesos.\u202fTambi\u00e9n ayuda a mantener la salud de los m\u00fasculos y del sistema inmunol\u00f3gico.<\/p>\n","protected":false},"featured_media":0,"template":"","meta":[],"product_cat":[120],"product_tag":[],"class_list":{"0":"post-10625","1":"product","2":"type-product","3":"status-publish","5":"product_cat-vitaminicos-y-minerales","7":"first","8":"instock","9":"shipping-taxable","10":"product-type-simple"},"_links":{"self":[{"href":"https:\/\/foralsa.com\/index.php?rest_route=\/wp\/v2\/product\/10625","targetHints":{"allow":["GET"]}}],"collection":[{"href":"https:\/\/foralsa.com\/index.php?rest_route=\/wp\/v2\/product"}],"about":[{"href":"https:\/\/foralsa.com\/index.php?rest_route=\/wp\/v2\/types\/product"}],"wp:attachment":[{"href":"https:\/\/foralsa.com\/index.php?rest_route=%2Fwp%2Fv2%2Fmedia&parent=10625"}],"wp:term":[{"taxonomy":"product_cat","embeddable":true,"href":"https:\/\/foralsa.com\/index.php?rest_route=%2Fwp%2Fv2%2Fproduct_cat&post=10625"},{"taxonomy":"product_tag","embeddable":true,"href":"https:\/\/foralsa.com\/index.php?rest_route=%2Fwp%2Fv2%2Fproduct_tag&post=10625"}],"curies":[{"name":"wp","href":"https:\/\/api.w.org\/{rel}","templated":true}]}}