{"id":10633,"date":"2024-11-14T21:13:16","date_gmt":"2024-11-14T21:13:16","guid":{"rendered":"https:\/\/foralsa.actualizaweb.com\/?post_type=product&#038;p=10633"},"modified":"2026-03-23T20:21:44","modified_gmt":"2026-03-23T20:21:44","slug":"zinc","status":"publish","type":"product","link":"https:\/\/foralsa.com\/?product=zinc","title":{"rendered":"Zinc"},"content":{"rendered":"<p>El zinc es un nutriente que las personas necesitan para mantener la buena salud. El zinc est\u00e1 presente en las c\u00e9lulas de todo el cuerpo. Ayuda al sistema inmunitario a luchar contra las bacterias y los virus que lo atacan. En el embarazo, la infancia, la ni\u00f1ez y la adolescencia el cuerpo necesita el zinc para crecer y desarrollarse bien. El zinc tambi\u00e9n favorece la cicatrizaci\u00f3n de las heridas y es importante para el buen funcionamiento del sentido del gusto.<\/p>\n","protected":false},"excerpt":{"rendered":"<p>El zinc es un nutriente que las personas necesitan para mantener la buena salud. El zinc est\u00e1 presente en las c\u00e9lulas de todo el cuerpo. Ayuda al sistema inmunitario a luchar contra las bacterias y los virus que lo atacan. En el embarazo, la infancia, la ni\u00f1ez y la adolescencia el cuerpo necesita el zinc [&hellip;]<\/p>\n","protected":false},"featured_media":0,"template":"","meta":[],"product_cat":[120],"product_tag":[],"class_list":{"0":"post-10633","1":"product","2":"type-product","3":"status-publish","5":"product_cat-vitaminicos-y-minerales","7":"first","8":"instock","9":"shipping-taxable","10":"product-type-simple"},"_links":{"self":[{"href":"https:\/\/foralsa.com\/index.php?rest_route=\/wp\/v2\/product\/10633","targetHints":{"allow":["GET"]}}],"collection":[{"href":"https:\/\/foralsa.com\/index.php?rest_route=\/wp\/v2\/product"}],"about":[{"href":"https:\/\/foralsa.com\/index.php?rest_route=\/wp\/v2\/types\/product"}],"wp:attachment":[{"href":"https:\/\/foralsa.com\/index.php?rest_route=%2Fwp%2Fv2%2Fmedia&parent=10633"}],"wp:term":[{"taxonomy":"product_cat","embeddable":true,"href":"https:\/\/foralsa.com\/index.php?rest_route=%2Fwp%2Fv2%2Fproduct_cat&post=10633"},{"taxonomy":"product_tag","embeddable":true,"href":"https:\/\/foralsa.com\/index.php?rest_route=%2Fwp%2Fv2%2Fproduct_tag&post=10633"}],"curies":[{"name":"wp","href":"https:\/\/api.w.org\/{rel}","templated":true}]}}