{"id":10706,"date":"2024-11-14T22:41:57","date_gmt":"2024-11-14T22:41:57","guid":{"rendered":"https:\/\/foralsa.actualizaweb.com\/?post_type=product&#038;p=10706"},"modified":"2026-03-23T20:18:02","modified_gmt":"2026-03-23T20:18:02","slug":"lecitina-de-soya","status":"publish","type":"product","link":"https:\/\/foralsa.com\/?product=lecitina-de-soya","title":{"rendered":"Lecitina de Soya"},"content":{"rendered":"<p><span data-contrast=\"auto\">Este producto se utiliza como complemento diet\u00e9tico para tratar hipercolesterolemias leves y moderadas, ayuda a reducir los niveles de colesterol LDL (\u00abmalo\u00bb) y mejorar la funci\u00f3n hep\u00e1tica.\u202fTambi\u00e9n se puede usar para tratar s\u00edndromes de deterioro cognitivo, gracias a que fortalece las c\u00e9lulas cerebrales.<\/span><\/p>\n","protected":false},"excerpt":{"rendered":"<p>Este producto se utiliza como complemento diet\u00e9tico para tratar hipercolesterolemias leves y moderadas, ayuda a reducir los niveles de colesterol LDL (\u00abmalo\u00bb) y mejorar la funci\u00f3n hep\u00e1tica.\u202fTambi\u00e9n se puede usar para tratar s\u00edndromes de deterioro cognitivo, gracias a que fortalece las c\u00e9lulas cerebrales.<\/p>\n","protected":false},"featured_media":0,"template":"","meta":[],"product_cat":[118],"product_tag":[],"class_list":{"0":"post-10706","1":"product","2":"type-product","3":"status-publish","5":"product_cat-protector-de-higado","7":"first","8":"instock","9":"shipping-taxable","10":"product-type-simple"},"_links":{"self":[{"href":"https:\/\/foralsa.com\/index.php?rest_route=\/wp\/v2\/product\/10706","targetHints":{"allow":["GET"]}}],"collection":[{"href":"https:\/\/foralsa.com\/index.php?rest_route=\/wp\/v2\/product"}],"about":[{"href":"https:\/\/foralsa.com\/index.php?rest_route=\/wp\/v2\/types\/product"}],"wp:attachment":[{"href":"https:\/\/foralsa.com\/index.php?rest_route=%2Fwp%2Fv2%2Fmedia&parent=10706"}],"wp:term":[{"taxonomy":"product_cat","embeddable":true,"href":"https:\/\/foralsa.com\/index.php?rest_route=%2Fwp%2Fv2%2Fproduct_cat&post=10706"},{"taxonomy":"product_tag","embeddable":true,"href":"https:\/\/foralsa.com\/index.php?rest_route=%2Fwp%2Fv2%2Fproduct_tag&post=10706"}],"curies":[{"name":"wp","href":"https:\/\/api.w.org\/{rel}","templated":true}]}}